{"id":366,"date":"2023-02-07T09:09:43","date_gmt":"2023-02-07T09:09:43","guid":{"rendered":"https:\/\/sydskraenten.dk\/?page_id=366"},"modified":"2026-04-04T08:49:09","modified_gmt":"2026-04-04T06:49:09","slug":"rosenbede","status":"publish","type":"page","link":"https:\/\/sydskraenten.dk\/?page_id=366","title":{"rendered":"Rosenbede"},"content":{"rendered":"<p>[et_pb_section fb_built=&#8221;1&#8243; _builder_version=&#8221;4.19.4&#8243; _module_preset=&#8221;default&#8221; global_colors_info=&#8221;{}&#8221;][et_pb_row _builder_version=&#8221;4.19.4&#8243; _module_preset=&#8221;default&#8221; global_colors_info=&#8221;{}&#8221;][et_pb_column type=&#8221;4_4&#8243; _builder_version=&#8221;4.19.4&#8243; _module_preset=&#8221;default&#8221; global_colors_info=&#8221;{}&#8221;][et_pb_image src=&#8221;https:\/\/sydskraenten.dk\/wp-content\/uploads\/2022\/12\/Vej-5.jpg&#8221; title_text=&#8221;Vej 5&#8243; _builder_version=&#8221;4.19.4&#8243; _module_preset=&#8221;default&#8221; global_colors_info=&#8221;{}&#8221;][\/et_pb_image][\/et_pb_column][\/et_pb_row][\/et_pb_section][et_pb_section fb_built=&#8221;1&#8243; _builder_version=&#8221;4.19.4&#8243; _module_preset=&#8221;default&#8221; global_colors_info=&#8221;{}&#8221;][et_pb_row _builder_version=&#8221;4.27.4&#8243; _module_preset=&#8221;default&#8221; background_color=&#8221;RGBA(255,255,255,0)&#8221; global_colors_info=&#8221;{}&#8221;][et_pb_column type=&#8221;4_4&#8243; _builder_version=&#8221;4.19.4&#8243; _module_preset=&#8221;default&#8221; global_colors_info=&#8221;{}&#8221;][et_pb_text _builder_version=&#8221;4.27.4&#8243; _module_preset=&#8221;default&#8221; custom_padding=&#8221;||0px|||&#8221; global_colors_info=&#8221;{}&#8221;]<\/p>\n<p>P\u00e5 Sydskr\u00e6nten er vi stolte af vores bede ved vejens indk\u00f8rsel.<\/p>\n<p>Igennem mange \u00e5r har der v\u00e6ret roser i bedene &#8211; og i de senere \u00e5r endvidere ogs\u00e5 lavendler samt p\u00e5skeliljer om for\u00e5ret.<\/p>\n<p>Vi holder selv bedene fri for ukrudt ved \u00e9t bes\u00f8g pr. m\u00e5ned i v\u00e6ksts\u00e6sonen.<\/p>\n<p>Nanna (nr. 3) st\u00e5r for besk\u00e6ring af roserne og Jannie (nr. 14) for g\u00f8dning af bedene.<\/p>\n<p>Man kan godt deles om ukrudtfjernelsen i en given m\u00e5ned.<\/p>\n<p>For 2026 s\u00e6sonen ser fordelingen s\u00e5ledes ud:<\/p>\n<table style=\"width: 633px; height: 328px;\">\n<tbody>\n<tr style=\"height: 24px;\">\n<td style=\"width: 317px; height: 24px;\"><strong>M\u00e5ned<\/strong><\/td>\n<td style=\"width: 316px; height: 24px;\"><strong>Ansvarlige husnumre<\/strong><\/td>\n<\/tr>\n<tr style=\"height: 24px;\">\n<td style=\"width: 317px; height: 24px;\"><strong>Marts\u00a0<\/strong><\/td>\n<td style=\"width: 316px; height: 24px;\">Uaktuelt<\/td>\n<\/tr>\n<tr style=\"height: 24px;\">\n<td style=\"width: 317px; height: 24px;\"><strong>April\u00a0<\/strong><\/td>\n<td style=\"width: 316px; height: 24px;\">Nr. ??<\/td>\n<\/tr>\n<tr style=\"height: 24px;\">\n<td style=\"width: 317px; height: 24px;\"><strong>Maj\u00a0<\/strong><\/td>\n<td style=\"width: 316px; height: 24px;\">Arbejdsdag den 10. maj kl. 10-13<\/td>\n<\/tr>\n<tr style=\"height: 24px;\">\n<td style=\"width: 317px; height: 24px;\"><strong>Juni\u00a0<\/strong><\/td>\n<td style=\"width: 316px; height: 24px;\">Nr. ??\u00a0<\/td>\n<\/tr>\n<tr style=\"height: 24px;\">\n<td style=\"width: 317px; height: 24px;\"><strong>Juli<\/strong><\/td>\n<td style=\"width: 316px; height: 24px;\">Nr. ??<\/td>\n<\/tr>\n<tr style=\"height: 24px;\">\n<td style=\"width: 317px; height: 24px;\"><strong>August\u00a0<\/strong><\/td>\n<td style=\"width: 316px; height: 24px;\">Nr. ??<\/td>\n<\/tr>\n<tr style=\"height: 24px;\">\n<td style=\"width: 317px; height: 24px;\"><strong>September\u00a0<\/strong><\/td>\n<td style=\"width: 316px; height: 24px;\">Nr. ??<\/td>\n<\/tr>\n<tr style=\"height: 24px;\">\n<td style=\"width: 317px; height: 24px;\"><strong>Oktober\u00a0<\/strong><\/td>\n<td style=\"width: 316px; height: 24px;\">Nr. ??<\/td>\n<\/tr>\n<\/tbody>\n<\/table>\n<p>Tilmelding sker ved at kontakte Asbj\u00f8rn Riise (nr 11) p\u00e5 <a href=\"mailto:akr@time.dk\">akr@time.dk<\/a> eller 21 71 82 30<\/p>\n<p>[\/et_pb_text][\/et_pb_column][\/et_pb_row][\/et_pb_section]<\/p>\n","protected":false},"excerpt":{"rendered":"<p>P\u00e5 Sydskr\u00e6nten er vi stolte af vores&#8230;<\/p>\n","protected":false},"author":1,"featured_media":0,"parent":0,"menu_order":0,"comment_status":"closed","ping_status":"closed","template":"","meta":{"_et_pb_use_builder":"on","_et_pb_old_content":"","_et_gb_content_width":"","footnotes":""},"class_list":["post-366","page","type-page","status-publish","hentry"],"_links":{"self":[{"href":"https:\/\/sydskraenten.dk\/index.php?rest_route=\/wp\/v2\/pages\/366","targetHints":{"allow":["GET"]}}],"collection":[{"href":"https:\/\/sydskraenten.dk\/index.php?rest_route=\/wp\/v2\/pages"}],"about":[{"href":"https:\/\/sydskraenten.dk\/index.php?rest_route=\/wp\/v2\/types\/page"}],"author":[{"embeddable":true,"href":"https:\/\/sydskraenten.dk\/index.php?rest_route=\/wp\/v2\/users\/1"}],"replies":[{"embeddable":true,"href":"https:\/\/sydskraenten.dk\/index.php?rest_route=%2Fwp%2Fv2%2Fcomments&post=366"}],"version-history":[{"count":19,"href":"https:\/\/sydskraenten.dk\/index.php?rest_route=\/wp\/v2\/pages\/366\/revisions"}],"predecessor-version":[{"id":661,"href":"https:\/\/sydskraenten.dk\/index.php?rest_route=\/wp\/v2\/pages\/366\/revisions\/661"}],"wp:attachment":[{"href":"https:\/\/sydskraenten.dk\/index.php?rest_route=%2Fwp%2Fv2%2Fmedia&parent=366"}],"curies":[{"name":"wp","href":"https:\/\/api.w.org\/{rel}","templated":true}]}}