{"id":192,"date":"2022-12-23T14:21:20","date_gmt":"2022-12-23T14:21:20","guid":{"rendered":"https:\/\/sydskraenten.dk\/?page_id=192"},"modified":"2023-12-28T10:43:40","modified_gmt":"2023-12-28T10:43:40","slug":"retningslinjer-for-rabatter","status":"publish","type":"page","link":"https:\/\/sydskraenten.dk\/?page_id=192","title":{"rendered":"Retningslinjer for Rabatter"},"content":{"rendered":"<p>[et_pb_section fb_built=&#8221;1&#8243; _builder_version=&#8221;4.19.4&#8243; _module_preset=&#8221;default&#8221; global_colors_info=&#8221;{}&#8221;][et_pb_row _builder_version=&#8221;4.22.1&#8243; _module_preset=&#8221;default&#8221; global_colors_info=&#8221;{}&#8221;][et_pb_column type=&#8221;4_4&#8243; _builder_version=&#8221;4.19.4&#8243; _module_preset=&#8221;default&#8221; global_colors_info=&#8221;{}&#8221;][et_pb_text _builder_version=&#8221;4.22.1&#8243; _module_preset=&#8221;default&#8221; global_colors_info=&#8221;{}&#8221;]<\/p>\n<p>Rudersdal Kommune har p\u00e5 deres hjemmeside en r\u00e6kke informationer, som for os grundejere er gode at kende og her ligger bl.a. ogs\u00e5 nedenst\u00e5ende pjecer.<\/p>\n<ul>\n<li>Kommunens folder med beskrivelse af grundejernes ansvar p\u00e5 private f\u00e6llesveje finder du her: <a href=\"https:\/\/sydskraenten.dk\/wp-content\/uploads\/2023\/01\/Privat-faellesvej-dine-pligter-juni-2021.pdf\">Privat f\u00e6llesvej dine pligter juni 2021<\/a><\/li>\n<li>Kommunens folder vedr. renholdelse af veje og fortove finder du her: https: <a href=\"https:\/\/www.rudersdal.dk\/files\/media\/2016\/17\/renholdelse_af_veje.pdf\">Renholdelse af veje<\/a><\/li>\n<li>Kommunens folder om valg af gr\u00f8nne hegn finder du her: <a href=\"https:\/\/www.rudersdal.dk\/files\/media\/2016\/47\/hegn_og_haekke_final.pdf\">Gr\u00f8nne hegn<\/a><\/li>\n<li>Kommunens folder om besk\u00e6ring af beplantning finder du her: <a href=\"https:\/\/www.rudersdal.dk\/files\/media\/2016\/17\/beskaering_af_beplantning.pdf\">Beplantning mod vej<\/a><\/li>\n<\/ul>\n<p><span><\/span><\/p>\n<p>Derudover har der i Sydskr\u00e6ntens Ejer- og Vejlav siden 1997 v\u00e6ret anvendt de samme retningslinjer for hvorledes vi gerne m\u00e5 udforme vores rabatstykker inkl. indk\u00f8rsler langs vores grunde. Tanken med retningslinierne er, at vi bibeholder og forst\u00e6rker helheden og homogeniteten af vores samlede vejareal.<\/p>\n<p>L\u00e6s n\u00e6rmere her: <i><a href=\"https:\/\/sydskraenten.dk\/wp-content\/uploads\/2023\/09\/1997_Retningslinier-for-rabatter-paa-Sydskraenten.pdf\" rel=\"attachment wp-att-481\">1997_Retningslinier for rabatter p\u00e5 Sydskr\u00e6nten<\/a><\/i><\/p>\n<p>Man bedes dog v\u00e6re opm\u00e6rksom p\u00e5 at myndighederne ikke tillader placering af marksten eller lign. i rabatten, trods disse er vist og beskrevet i dokumentet.\u00a0 L\u00e6s mere <a href=\"https:\/\/www.rudersdal.dk\/infosider\/sten-i-rabatten?search=rabatter\">HER<\/a><\/p>\n<p><span><\/span><\/p>\n<p>[\/et_pb_text][\/et_pb_column][\/et_pb_row][\/et_pb_section]<\/p>\n","protected":false},"excerpt":{"rendered":"<p>Rudersdal Kommune har p\u00e5 deres&#8230;<\/p>\n","protected":false},"author":1,"featured_media":0,"parent":0,"menu_order":0,"comment_status":"closed","ping_status":"closed","template":"","meta":{"_et_pb_use_builder":"on","_et_pb_old_content":"<!-- wp:divi\/placeholder \/-->","_et_gb_content_width":"","footnotes":""},"class_list":["post-192","page","type-page","status-publish","hentry"],"_links":{"self":[{"href":"https:\/\/sydskraenten.dk\/index.php?rest_route=\/wp\/v2\/pages\/192","targetHints":{"allow":["GET"]}}],"collection":[{"href":"https:\/\/sydskraenten.dk\/index.php?rest_route=\/wp\/v2\/pages"}],"about":[{"href":"https:\/\/sydskraenten.dk\/index.php?rest_route=\/wp\/v2\/types\/page"}],"author":[{"embeddable":true,"href":"https:\/\/sydskraenten.dk\/index.php?rest_route=\/wp\/v2\/users\/1"}],"replies":[{"embeddable":true,"href":"https:\/\/sydskraenten.dk\/index.php?rest_route=%2Fwp%2Fv2%2Fcomments&post=192"}],"version-history":[{"count":13,"href":"https:\/\/sydskraenten.dk\/index.php?rest_route=\/wp\/v2\/pages\/192\/revisions"}],"predecessor-version":[{"id":497,"href":"https:\/\/sydskraenten.dk\/index.php?rest_route=\/wp\/v2\/pages\/192\/revisions\/497"}],"wp:attachment":[{"href":"https:\/\/sydskraenten.dk\/index.php?rest_route=%2Fwp%2Fv2%2Fmedia&parent=192"}],"curies":[{"name":"wp","href":"https:\/\/api.w.org\/{rel}","templated":true}]}}