{"id":183,"date":"2022-12-23T14:12:40","date_gmt":"2022-12-23T14:12:40","guid":{"rendered":"https:\/\/sydskraenten.dk\/?page_id=183"},"modified":"2023-03-25T11:57:44","modified_gmt":"2023-03-25T11:57:44","slug":"forenings-indformation","status":"publish","type":"page","link":"https:\/\/sydskraenten.dk\/?page_id=183","title":{"rendered":"Foreningsinformation"},"content":{"rendered":"<p>[et_pb_section fb_built=&#8221;1&#8243; _builder_version=&#8221;4.19.4&#8243; _module_preset=&#8221;default&#8221; global_colors_info=&#8221;{}&#8221;][et_pb_row _builder_version=&#8221;4.19.4&#8243; _module_preset=&#8221;default&#8221; global_colors_info=&#8221;{}&#8221;][et_pb_column type=&#8221;4_4&#8243; _builder_version=&#8221;4.19.4&#8243; _module_preset=&#8221;default&#8221; global_colors_info=&#8221;{}&#8221;][et_pb_text _builder_version=&#8221;4.19.4&#8243; _module_preset=&#8221;default&#8221; global_colors_info=&#8221;{}&#8221;]<\/p>\n<p>Vi har siden den 27. november 1946 haft en &#8220;grundejerforening&#8221; ben\u00e6vnt,\u00a0 <strong>Sydskr\u00e6ntens Ejer- og vejlav<\/strong>.<\/p>\n<p>Ejerlavets omr\u00e5de omfatter samtlige ejendomme udstykket fra matr. nr. 6ba af<br \/>\u00d8ver\u00f8d. Se ogs\u00e5 kortet nedenfor.<\/p>\n<p>Vejlavets omr\u00e5de omfatter de ejendomme, som er udstykket fra matr. nr. 6ba af<br \/>\u00d8ver\u00f8d,<strong> OG<\/strong> som har facade til den private f\u00e6llesvej, Sydskr\u00e6nten &#8211; Dvs. de 24 huse, som har adresse p\u00e5 Sydskr\u00e6nten.<\/p>\n<p>CVR. nr. <span>41629959<\/span>\u00a0 \u00a0 \u00a0 \u00a0 \u00a0 \u00a0 \u00a0 \u00a0 \u00a0 \u00a0Bank og bankkonto: Danske Bank \/ <span>1551 &#8211;\u00a0 1520446829<\/span><\/p>\n<p>Formand er Ebbe Laursen fra Sydskr\u00e6nten 14<\/p>\n<p>E-mails til bestyrelsen og herunder formanden sendes til: <a href=\"mailto:bestyrelsen@sydskraenten.dk,\">bestyrelsen@sydskraenten.dk<\/a><\/p>\n<p>Se hele bestyrelsen og kontaktdata under &#8220;Kontakt &#8211; Bestyrelsens sammens\u00e6tning&#8221;<\/p>\n<p>[\/et_pb_text][\/et_pb_column][\/et_pb_row][\/et_pb_section][et_pb_section fb_built=&#8221;1&#8243; _builder_version=&#8221;4.19.4&#8243; _module_preset=&#8221;default&#8221; global_colors_info=&#8221;{}&#8221;][et_pb_row _builder_version=&#8221;4.19.4&#8243; _module_preset=&#8221;default&#8221; global_colors_info=&#8221;{}&#8221;][et_pb_column type=&#8221;4_4&#8243; _builder_version=&#8221;4.19.4&#8243; _module_preset=&#8221;default&#8221; global_colors_info=&#8221;{}&#8221;][et_pb_image src=&#8221;https:\/\/sydskraenten.dk\/wp-content\/uploads\/2023\/03\/Kommunens-kort-med-graenser-for-ejerlav.jpeg&#8221; title_text=&#8221;Kommunens kort med gr\u00e6nser for ejerlav&#8221; _builder_version=&#8221;4.19.4&#8243; _module_preset=&#8221;default&#8221; global_colors_info=&#8221;{}&#8221;][\/et_pb_image][\/et_pb_column][\/et_pb_row][\/et_pb_section]<\/p>\n","protected":false},"excerpt":{"rendered":"<p>Vi har siden den 27. november 1946&#8230;<\/p>\n","protected":false},"author":1,"featured_media":0,"parent":0,"menu_order":0,"comment_status":"closed","ping_status":"closed","template":"","meta":{"_et_pb_use_builder":"on","_et_pb_old_content":"<!-- wp:divi\/placeholder \/-->","_et_gb_content_width":"","footnotes":""},"class_list":["post-183","page","type-page","status-publish","hentry"],"_links":{"self":[{"href":"https:\/\/sydskraenten.dk\/index.php?rest_route=\/wp\/v2\/pages\/183","targetHints":{"allow":["GET"]}}],"collection":[{"href":"https:\/\/sydskraenten.dk\/index.php?rest_route=\/wp\/v2\/pages"}],"about":[{"href":"https:\/\/sydskraenten.dk\/index.php?rest_route=\/wp\/v2\/types\/page"}],"author":[{"embeddable":true,"href":"https:\/\/sydskraenten.dk\/index.php?rest_route=\/wp\/v2\/users\/1"}],"replies":[{"embeddable":true,"href":"https:\/\/sydskraenten.dk\/index.php?rest_route=%2Fwp%2Fv2%2Fcomments&post=183"}],"version-history":[{"count":11,"href":"https:\/\/sydskraenten.dk\/index.php?rest_route=\/wp\/v2\/pages\/183\/revisions"}],"predecessor-version":[{"id":396,"href":"https:\/\/sydskraenten.dk\/index.php?rest_route=\/wp\/v2\/pages\/183\/revisions\/396"}],"wp:attachment":[{"href":"https:\/\/sydskraenten.dk\/index.php?rest_route=%2Fwp%2Fv2%2Fmedia&parent=183"}],"curies":[{"name":"wp","href":"https:\/\/api.w.org\/{rel}","templated":true}]}}